{"id":923,"date":"2021-03-14T21:39:25","date_gmt":"2021-03-15T00:39:25","guid":{"rendered":"https:\/\/ifd7-sgo.infd.edu.ar\/sitio\/?page_id=923"},"modified":"2021-03-14T22:08:31","modified_gmt":"2021-03-15T01:08:31","slug":"tutoriales-para-descargar","status":"publish","type":"page","link":"https:\/\/ifd7-sgo.infd.edu.ar\/sitio\/tutoriales-para-descargar\/","title":{"rendered":"Tutoriales para descargar"},"content":{"rendered":"<p><img decoding=\"async\" loading=\"lazy\" class=\"wp-image-931 aligncenter\" src=\"https:\/\/ifd7-sgo.infd.edu.ar\/sitio\/wp-content\/uploads\/2021\/03\/manuales.jpg\" alt=\"\" width=\"156\" height=\"134\" \/><\/p>\n<p>&nbsp;<\/p>\n<p><a href=\"https:\/\/ifd7-sgo.infd.edu.ar\/sitio\/wp-content\/uploads\/2021\/03\/Manual-de-usuario-de-alumno-2.pdf\">01- Manual de usuario de alumno para acceso a la plataforma<\/a><\/p>\n<p>02- Manual de Office Word 2007 &#8211; (En dise\u00f1o)<\/p>\n<p>03- Manual de Office Power Point 2007- (En dise\u00f1o)<\/p>\n<p>04- Manual: Convertir documentos a formato pdf. -(En dise\u00f1o)<\/p>\n<p><a href=\"https:\/\/ifd7-sgo.infd.edu.ar\/sitio\/wp-content\/uploads\/2021\/03\/Manual-Utilizar-el-Google-Meet-ifd-7.pdf\">05- Manual: Plataforma Google Meet ifd 7<\/a><\/p>\n","protected":false},"excerpt":{"rendered":"<p>&nbsp; 01- Manual de usuario de alumno para acceso a la plataforma 02- Manual de Office Word 2007 &#8211; (En dise\u00f1o) 03- Manual de Office Power Point 2007- (En dise\u00f1o) 04- Manual: Convertir documentos a formato pdf. -(En dise\u00f1o) 05- Manual: Plataforma Google Meet ifd 7<\/p>\n","protected":false},"author":199,"featured_media":0,"parent":0,"menu_order":0,"comment_status":"closed","ping_status":"closed","template":"","meta":[],"acf":[],"_links":{"self":[{"href":"https:\/\/ifd7-sgo.infd.edu.ar\/sitio\/wp-json\/wp\/v2\/pages\/923"}],"collection":[{"href":"https:\/\/ifd7-sgo.infd.edu.ar\/sitio\/wp-json\/wp\/v2\/pages"}],"about":[{"href":"https:\/\/ifd7-sgo.infd.edu.ar\/sitio\/wp-json\/wp\/v2\/types\/page"}],"author":[{"embeddable":true,"href":"https:\/\/ifd7-sgo.infd.edu.ar\/sitio\/wp-json\/wp\/v2\/users\/199"}],"replies":[{"embeddable":true,"href":"https:\/\/ifd7-sgo.infd.edu.ar\/sitio\/wp-json\/wp\/v2\/comments?post=923"}],"version-history":[{"count":4,"href":"https:\/\/ifd7-sgo.infd.edu.ar\/sitio\/wp-json\/wp\/v2\/pages\/923\/revisions"}],"predecessor-version":[{"id":934,"href":"https:\/\/ifd7-sgo.infd.edu.ar\/sitio\/wp-json\/wp\/v2\/pages\/923\/revisions\/934"}],"wp:attachment":[{"href":"https:\/\/ifd7-sgo.infd.edu.ar\/sitio\/wp-json\/wp\/v2\/media?parent=923"}],"curies":[{"name":"wp","href":"https:\/\/api.w.org\/{rel}","templated":true}]}}